{"id":242,"date":"2016-02-23T09:14:36","date_gmt":"2016-02-23T09:14:36","guid":{"rendered":"http:\/\/cpscas.educacion.navarra.es\/caseda\/?page_id=242"},"modified":"2017-02-16T18:36:52","modified_gmt":"2017-02-16T17:36:52","slug":"apyma","status":"publish","type":"page","link":"https:\/\/cpscas.educacion.navarra.es\/caseda\/apyma\/","title":{"rendered":"APYMA"},"content":{"rendered":"<h3 style=\"text-align: center;\">Si pinchas en el logo de la APYMA acceder\u00e1s a su blog donde podr\u00e1s encontrar noticias sobre las actividades que van realizando, informaci\u00f3n sobre sus componentes, sobre las actividades que se van a realizar, c\u00f3mo hacerse socio&#8230; y muchas cosas m\u00e1s. Entra y desc\u00fabrelo t\u00fa mismo.<\/h3>\n<p>&nbsp;<\/p>\n<p><a href=\"http:\/\/cpscas.educacion.navarra.es\/apymacpcaseda\/\"><img loading=\"lazy\" class=\"aligncenter wp-image-1075 size-full\" src=\"https:\/\/cpscas.educacion.navarra.es\/caseda\/wp-content\/uploads\/sites\/9\/2016\/02\/Captura-de-pantalla-2017-02-16-a-las-18.32.07.png\" width=\"689\" height=\"290\" srcset=\"https:\/\/cpscas.educacion.navarra.es\/caseda\/wp-content\/uploads\/sites\/9\/2016\/02\/Captura-de-pantalla-2017-02-16-a-las-18.32.07.png 689w, https:\/\/cpscas.educacion.navarra.es\/caseda\/wp-content\/uploads\/sites\/9\/2016\/02\/Captura-de-pantalla-2017-02-16-a-las-18.32.07-300x126.png 300w\" sizes=\"(max-width: 689px) 100vw, 689px\" \/><\/a><\/p>\n<p>&nbsp;<\/p>\n<p>&nbsp;<\/p>\n<p>&nbsp;<\/p>\n<div class=\"likebtn_container\" style=\"\"><!-- LikeBtn.com BEGIN --><span class=\"likebtn-wrapper\"  data-identifier=\"page_242\"  data-site_id=\"573e18d67d9c0cf54625fba7\"  data-bg_c_v=\"\"  data-style=\"\"  data-unlike_allowed=\"\"  data-show_copyright=\"\"  data-item_url=\"https:\/\/cpscas.educacion.navarra.es\/caseda\/apyma\/\"  data-item_title=\"APYMA\"  data-item_date=\"2016-02-23T09:14:36+01:00\"  data-engine=\"WordPress\"  data-plugin_v=\"2.6.59\"  data-prx=\"https:\/\/cpscas.educacion.navarra.es\/caseda\/wp-admin\/admin-ajax.php?action=likebtn_prx\"  data-event_handler=\"likebtn_eh\" ><\/span><!-- LikeBtn.com END --><\/div>","protected":false},"excerpt":{"rendered":"<p>Si pinchas en el logo de la APYMA acceder\u00e1s a su blog donde podr\u00e1s encontrar noticias sobre las actividades que van realizando, informaci\u00f3n sobre sus componentes, sobre las actividades que se van a realizar, c\u00f3mo hacerse socio&#8230; y muchas cosas m\u00e1s. Entra y desc\u00fabrelo t\u00fa mismo. &nbsp; &nbsp; &nbsp; &nbsp;<\/p>\n<div class=\"likebtn_container\" style=\"\"><!-- LikeBtn.com BEGIN --><span class=\"likebtn-wrapper\"  data-identifier=\"page_242\"  data-site_id=\"573e18d67d9c0cf54625fba7\"  data-bg_c_v=\"\"  data-style=\"\"  data-unlike_allowed=\"\"  data-show_copyright=\"\"  data-item_url=\"https:\/\/cpscas.educacion.navarra.es\/caseda\/apyma\/\"  data-item_title=\"APYMA\"  data-item_date=\"2016-02-23T09:14:36+01:00\"  data-engine=\"WordPress\"  data-plugin_v=\"2.6.59\"  data-prx=\"https:\/\/cpscas.educacion.navarra.es\/caseda\/wp-admin\/admin-ajax.php?action=likebtn_prx\"  data-event_handler=\"likebtn_eh\" ><\/span><!-- LikeBtn.com END --><\/div>\n","protected":false},"author":9,"featured_media":0,"parent":0,"menu_order":0,"comment_status":"closed","ping_status":"closed","template":"","meta":{"_genesis_hide_title":false,"_genesis_hide_breadcrumbs":false,"_genesis_hide_singular_image":false,"_genesis_hide_footer_widgets":false,"_genesis_custom_body_class":"","_genesis_custom_post_class":"","_genesis_layout":""},"featured_image_src":null,"featured_image_src_square":null,"_links":{"self":[{"href":"https:\/\/cpscas.educacion.navarra.es\/caseda\/wp-json\/wp\/v2\/pages\/242"}],"collection":[{"href":"https:\/\/cpscas.educacion.navarra.es\/caseda\/wp-json\/wp\/v2\/pages"}],"about":[{"href":"https:\/\/cpscas.educacion.navarra.es\/caseda\/wp-json\/wp\/v2\/types\/page"}],"author":[{"embeddable":true,"href":"https:\/\/cpscas.educacion.navarra.es\/caseda\/wp-json\/wp\/v2\/users\/9"}],"replies":[{"embeddable":true,"href":"https:\/\/cpscas.educacion.navarra.es\/caseda\/wp-json\/wp\/v2\/comments?post=242"}],"version-history":[{"count":4,"href":"https:\/\/cpscas.educacion.navarra.es\/caseda\/wp-json\/wp\/v2\/pages\/242\/revisions"}],"predecessor-version":[{"id":1076,"href":"https:\/\/cpscas.educacion.navarra.es\/caseda\/wp-json\/wp\/v2\/pages\/242\/revisions\/1076"}],"wp:attachment":[{"href":"https:\/\/cpscas.educacion.navarra.es\/caseda\/wp-json\/wp\/v2\/media?parent=242"}],"curies":[{"name":"wp","href":"https:\/\/api.w.org\/{rel}","templated":true}]}}