{"id":2,"date":"2015-11-15T10:00:00","date_gmt":"2015-11-15T10:00:00","guid":{"rendered":"http:\/\/cpscas.educacion.navarra.es\/caseda\/?page_id=2"},"modified":"2017-10-02T14:41:05","modified_gmt":"2017-10-02T12:41:05","slug":"nuestrocentro","status":"publish","type":"page","link":"https:\/\/cpscas.educacion.navarra.es\/caseda\/nuestrocentro\/","title":{"rendered":"NUESTRO CENTRO"},"content":{"rendered":"<p><strong>Horario:<\/strong><\/p>\n<p><b>Este curso tenemos jornada continua: <\/b>Entrada a las 9 horas<\/p>\n<p>Salida a las 14 horas y 10 minutos<\/p>\n<p><strong>Direcci\u00f3n:<\/strong><\/p>\n<p>Calle Almendrera 2\u00a0&#8211; C.P. 31490 C\u00e1seda (NAVARRA)<\/p>\n<p><strong>Tel\u00e9fono:<\/strong><\/p>\n<p>948 43 41 12<\/p>\n<p><strong>Email:<\/strong><\/p>\n<p>cp.caseda@educacion.navarra.es<\/p>\n<p>&nbsp;<\/p>\n<p><strong>D\u00d3NDE ESTAMOS<\/strong><\/p>\n<p><a href=\"https:\/\/www.google.es\/maps\/place\/Colegio+P%C3%BAblico+Francisco+Javier+S%C3%A1enz+de+Oiza\/@42.5232665,-1.3666135,18z\/data=!4m5!3m4!1s0x0:0x7f8c690983cfe5b2!8m2!3d42.5231711!4d-1.366441\"><img loading=\"lazy\" class=\"aligncenter size-full wp-image-1040\" src=\"https:\/\/cpscas.educacion.navarra.es\/caseda\/wp-content\/uploads\/sites\/9\/2015\/11\/Captura-de-pantalla-2017-02-02-a-las-19.00.21.png\" alt=\"\" width=\"860\" height=\"530\" srcset=\"https:\/\/cpscas.educacion.navarra.es\/caseda\/wp-content\/uploads\/sites\/9\/2015\/11\/Captura-de-pantalla-2017-02-02-a-las-19.00.21.png 860w, https:\/\/cpscas.educacion.navarra.es\/caseda\/wp-content\/uploads\/sites\/9\/2015\/11\/Captura-de-pantalla-2017-02-02-a-las-19.00.21-300x185.png 300w, https:\/\/cpscas.educacion.navarra.es\/caseda\/wp-content\/uploads\/sites\/9\/2015\/11\/Captura-de-pantalla-2017-02-02-a-las-19.00.21-768x473.png 768w\" sizes=\"(max-width: 860px) 100vw, 860px\" \/><\/a><\/p>\n<p>&nbsp;<\/p>\n<div class=\"likebtn_container\" style=\"\"><!-- LikeBtn.com BEGIN --><span class=\"likebtn-wrapper\"  data-identifier=\"page_2\"  data-site_id=\"573e18d67d9c0cf54625fba7\"  data-bg_c_v=\"\"  data-style=\"\"  data-unlike_allowed=\"\"  data-show_copyright=\"\"  data-item_url=\"https:\/\/cpscas.educacion.navarra.es\/caseda\/nuestrocentro\/\"  data-item_title=\"NUESTRO CENTRO\"  data-item_date=\"2015-11-15T10:00:00+01:00\"  data-engine=\"WordPress\"  data-plugin_v=\"2.6.59\"  data-prx=\"https:\/\/cpscas.educacion.navarra.es\/caseda\/wp-admin\/admin-ajax.php?action=likebtn_prx\"  data-event_handler=\"likebtn_eh\" ><\/span><!-- LikeBtn.com END --><\/div>","protected":false},"excerpt":{"rendered":"<p>Horario: Este curso tenemos jornada continua: Entrada a las 9 horas Salida a las 14 horas y 10 minutos Direcci\u00f3n: Calle Almendrera 2\u00a0&#8211; C.P. 31490 C\u00e1seda (NAVARRA) Tel\u00e9fono: 948 43 41 12 Email: cp.caseda@educacion.navarra.es &nbsp; D\u00d3NDE ESTAMOS &nbsp;<\/p>\n<div class=\"likebtn_container\" style=\"\"><!-- LikeBtn.com BEGIN --><span class=\"likebtn-wrapper\"  data-identifier=\"page_2\"  data-site_id=\"573e18d67d9c0cf54625fba7\"  data-bg_c_v=\"\"  data-style=\"\"  data-unlike_allowed=\"\"  data-show_copyright=\"\"  data-item_url=\"https:\/\/cpscas.educacion.navarra.es\/caseda\/nuestrocentro\/\"  data-item_title=\"NUESTRO CENTRO\"  data-item_date=\"2015-11-15T10:00:00+01:00\"  data-engine=\"WordPress\"  data-plugin_v=\"2.6.59\"  data-prx=\"https:\/\/cpscas.educacion.navarra.es\/caseda\/wp-admin\/admin-ajax.php?action=likebtn_prx\"  data-event_handler=\"likebtn_eh\" ><\/span><!-- LikeBtn.com END --><\/div>\n","protected":false},"author":9,"featured_media":0,"parent":0,"menu_order":0,"comment_status":"closed","ping_status":"open","template":"","meta":{"_genesis_hide_title":false,"_genesis_hide_breadcrumbs":false,"_genesis_hide_singular_image":false,"_genesis_hide_footer_widgets":false,"_genesis_custom_body_class":"","_genesis_custom_post_class":"","_genesis_layout":""},"featured_image_src":null,"featured_image_src_square":null,"_links":{"self":[{"href":"https:\/\/cpscas.educacion.navarra.es\/caseda\/wp-json\/wp\/v2\/pages\/2"}],"collection":[{"href":"https:\/\/cpscas.educacion.navarra.es\/caseda\/wp-json\/wp\/v2\/pages"}],"about":[{"href":"https:\/\/cpscas.educacion.navarra.es\/caseda\/wp-json\/wp\/v2\/types\/page"}],"author":[{"embeddable":true,"href":"https:\/\/cpscas.educacion.navarra.es\/caseda\/wp-json\/wp\/v2\/users\/9"}],"replies":[{"embeddable":true,"href":"https:\/\/cpscas.educacion.navarra.es\/caseda\/wp-json\/wp\/v2\/comments?post=2"}],"version-history":[{"count":10,"href":"https:\/\/cpscas.educacion.navarra.es\/caseda\/wp-json\/wp\/v2\/pages\/2\/revisions"}],"predecessor-version":[{"id":1305,"href":"https:\/\/cpscas.educacion.navarra.es\/caseda\/wp-json\/wp\/v2\/pages\/2\/revisions\/1305"}],"wp:attachment":[{"href":"https:\/\/cpscas.educacion.navarra.es\/caseda\/wp-json\/wp\/v2\/media?parent=2"}],"curies":[{"name":"wp","href":"https:\/\/api.w.org\/{rel}","templated":true}]}}