{"id":181,"date":"2016-01-20T17:20:44","date_gmt":"2016-01-20T17:20:44","guid":{"rendered":"http:\/\/cpscas.educacion.navarra.es\/caseda\/?page_id=181"},"modified":"2019-11-05T11:29:29","modified_gmt":"2019-11-05T10:29:29","slug":"infantil-3","status":"publish","type":"page","link":"https:\/\/cpscas.educacion.navarra.es\/caseda\/infantil-3\/","title":{"rendered":"INFANTIL"},"content":{"rendered":"\n<div class=\"wp-block-image\"><figure class=\"aligncenter\"><a href=\"https:\/\/cpscas.educacion.navarra.es\/casedainfantil\/\"><img loading=\"lazy\" width=\"306\" height=\"282\" src=\"https:\/\/cpscas.educacion.navarra.es\/caseda\/wp-content\/uploads\/sites\/9\/2019\/11\/GEDC8028-Copy-e1572949655461.jpg\" alt=\"\" class=\"wp-image-1713\" srcset=\"https:\/\/cpscas.educacion.navarra.es\/caseda\/wp-content\/uploads\/sites\/9\/2019\/11\/GEDC8028-Copy-e1572949655461.jpg 306w, https:\/\/cpscas.educacion.navarra.es\/caseda\/wp-content\/uploads\/sites\/9\/2019\/11\/GEDC8028-Copy-e1572949655461-300x276.jpg 300w\" sizes=\"(max-width: 306px) 100vw, 306px\" \/><\/a><\/figure><\/div>\n\n\n<p style=\"text-align: center\"><strong>\u00a1\u00a1\u00a1\u00a1SOMOS LOS PEQUE\u00d1OS M\u00c1S GRANDES!!!<\/strong><\/p>\n<p style=\"text-align: center\"><strong>HAZME COSQUILLAS Y CONOCER\u00c1S MI CLASE<\/strong><\/p><div class=\"likebtn_container\" style=\"\"><!-- LikeBtn.com BEGIN --><span class=\"likebtn-wrapper\"  data-identifier=\"page_181\"  data-site_id=\"573e18d67d9c0cf54625fba7\"  data-bg_c_v=\"\"  data-style=\"\"  data-unlike_allowed=\"\"  data-show_copyright=\"\"  data-item_url=\"https:\/\/cpscas.educacion.navarra.es\/caseda\/infantil-3\/\"  data-item_title=\"INFANTIL\"  data-item_date=\"2016-01-20T17:20:44+01:00\"  data-engine=\"WordPress\"  data-plugin_v=\"2.6.59\"  data-prx=\"https:\/\/cpscas.educacion.navarra.es\/caseda\/wp-admin\/admin-ajax.php?action=likebtn_prx\"  data-event_handler=\"likebtn_eh\" ><\/span><!-- LikeBtn.com END --><\/div>","protected":false},"excerpt":{"rendered":"<p>\u00a1\u00a1\u00a1\u00a1SOMOS LOS PEQUE\u00d1OS M\u00c1S GRANDES!!! HAZME COSQUILLAS Y CONOCER\u00c1S MI CLASE<\/p>\n<div class=\"likebtn_container\" style=\"\"><!-- LikeBtn.com BEGIN --><span class=\"likebtn-wrapper\"  data-identifier=\"page_181\"  data-site_id=\"573e18d67d9c0cf54625fba7\"  data-bg_c_v=\"\"  data-style=\"\"  data-unlike_allowed=\"\"  data-show_copyright=\"\"  data-item_url=\"https:\/\/cpscas.educacion.navarra.es\/caseda\/infantil-3\/\"  data-item_title=\"INFANTIL\"  data-item_date=\"2016-01-20T17:20:44+01:00\"  data-engine=\"WordPress\"  data-plugin_v=\"2.6.59\"  data-prx=\"https:\/\/cpscas.educacion.navarra.es\/caseda\/wp-admin\/admin-ajax.php?action=likebtn_prx\"  data-event_handler=\"likebtn_eh\" ><\/span><!-- LikeBtn.com END --><\/div>\n","protected":false},"author":9,"featured_media":0,"parent":0,"menu_order":0,"comment_status":"closed","ping_status":"closed","template":"","meta":{"_genesis_hide_title":false,"_genesis_hide_breadcrumbs":false,"_genesis_hide_singular_image":false,"_genesis_hide_footer_widgets":false,"_genesis_custom_body_class":"","_genesis_custom_post_class":"","_genesis_layout":""},"featured_image_src":null,"featured_image_src_square":null,"_links":{"self":[{"href":"https:\/\/cpscas.educacion.navarra.es\/caseda\/wp-json\/wp\/v2\/pages\/181"}],"collection":[{"href":"https:\/\/cpscas.educacion.navarra.es\/caseda\/wp-json\/wp\/v2\/pages"}],"about":[{"href":"https:\/\/cpscas.educacion.navarra.es\/caseda\/wp-json\/wp\/v2\/types\/page"}],"author":[{"embeddable":true,"href":"https:\/\/cpscas.educacion.navarra.es\/caseda\/wp-json\/wp\/v2\/users\/9"}],"replies":[{"embeddable":true,"href":"https:\/\/cpscas.educacion.navarra.es\/caseda\/wp-json\/wp\/v2\/comments?post=181"}],"version-history":[{"count":17,"href":"https:\/\/cpscas.educacion.navarra.es\/caseda\/wp-json\/wp\/v2\/pages\/181\/revisions"}],"predecessor-version":[{"id":1717,"href":"https:\/\/cpscas.educacion.navarra.es\/caseda\/wp-json\/wp\/v2\/pages\/181\/revisions\/1717"}],"wp:attachment":[{"href":"https:\/\/cpscas.educacion.navarra.es\/caseda\/wp-json\/wp\/v2\/media?parent=181"}],"curies":[{"name":"wp","href":"https:\/\/api.w.org\/{rel}","templated":true}]}}