{"id":84,"date":"2017-02-15T09:39:54","date_gmt":"2017-02-15T09:39:54","guid":{"rendered":"http:\/\/cpscas.educacion.navarra.es\/apymacpcaseda\/?page_id=84"},"modified":"2017-02-15T09:39:54","modified_gmt":"2017-02-15T09:39:54","slug":"hazte-socio","status":"publish","type":"page","link":"https:\/\/cpscas.educacion.navarra.es\/apymacpcaseda\/hazte-socio\/","title":{"rendered":"\u00a1\u00a1\u00a1HAZTE SOCIO!!!"},"content":{"rendered":"<p>Estimadas familias:<\/p>\n<p>Un a\u00f1o m\u00e1s la APYMA del centro se dirige a todos vosotros para solicitar vuestra participaci\u00f3n como socios de la misma durante el curso escolar 2016-2017.<\/p>\n<p>Para ello ser\u00e1 preciso abonar la cantidad de 20\u20ac por familia en alguna de las cuentas bancarias de titularidad de la asociaci\u00f3n en Caja Rural o La Caixa antes del d\u00eda 15 de Octubre.<\/p>\n<p>Os recordamos que el dinero recaudado ir\u00e1 destinado a la realizaci\u00f3n de diversas actividades extraescolares as\u00ed como a la financiaci\u00f3n de meriendas y aperitivos ofertados a la totalidad del alumnado en distintas celebraciones del centro.<\/p>\n<p>Considerando que vuestra participaci\u00f3n supone un beneficio por y para nuestros hijos\/as, os animamos a contribuir con el pago de la cuota anual.<\/p>\n<p>\u00a1\u00a1\u00a1\u00a1ANIMATE Y HAZTE SOCI@!!!!!<\/p>\n<p>Un saludo<\/p>\n<p>&nbsp;<\/p>\n<p>&nbsp;<\/p>\n<p>&nbsp;<\/p>\n<p>&nbsp;<\/p>\n<p>(Recortar y depositar en el buz\u00f3n de la APYMA tras efectuar el ingreso)<\/p>\n<p>&nbsp;<\/p>\n<p>&nbsp;<\/p>\n<p>LA FAMILIA________________________________________ ha efectuado el ingreso de 20\u20ac en<\/p>\n<ul>\n<li>Caja Rural\u00a0\u00a0\u00a0\u00a0\u00a0\u00a0\u00a0\u00a0\u00a0\u00a0\u00a0\u00a0\u00a0\u00a0\u00a0\u00a0\u00a0\u00a0\u00a0\u00a0\u00a0\u00a0\u00a0\u00a0\u00a0\u00a0\u00a0\u00a0\u00a0\u00a0\u00a0\u00a0\u00a0\u00a0 con fecha__________________________.<\/li>\n<li>Caixa<\/li>\n<\/ul>\n<p>&nbsp;<\/p>\n","protected":false},"excerpt":{"rendered":"<p>Estimadas familias: Un a\u00f1o m\u00e1s la APYMA del centro se dirige a todos vosotros para solicitar vuestra participaci\u00f3n como socios de la misma durante el curso escolar 2016-2017. Para ello ser\u00e1 preciso abonar la cantidad de 20\u20ac por familia en &hellip; <a href=\"https:\/\/cpscas.educacion.navarra.es\/apymacpcaseda\/hazte-socio\/\">Sigue leyendo <span class=\"meta-nav\">&rarr;<\/span><\/a><\/p>\n","protected":false},"author":11,"featured_media":0,"parent":0,"menu_order":0,"comment_status":"closed","ping_status":"closed","template":"","meta":[],"_links":{"self":[{"href":"https:\/\/cpscas.educacion.navarra.es\/apymacpcaseda\/wp-json\/wp\/v2\/pages\/84"}],"collection":[{"href":"https:\/\/cpscas.educacion.navarra.es\/apymacpcaseda\/wp-json\/wp\/v2\/pages"}],"about":[{"href":"https:\/\/cpscas.educacion.navarra.es\/apymacpcaseda\/wp-json\/wp\/v2\/types\/page"}],"author":[{"embeddable":true,"href":"https:\/\/cpscas.educacion.navarra.es\/apymacpcaseda\/wp-json\/wp\/v2\/users\/11"}],"replies":[{"embeddable":true,"href":"https:\/\/cpscas.educacion.navarra.es\/apymacpcaseda\/wp-json\/wp\/v2\/comments?post=84"}],"version-history":[{"count":1,"href":"https:\/\/cpscas.educacion.navarra.es\/apymacpcaseda\/wp-json\/wp\/v2\/pages\/84\/revisions"}],"predecessor-version":[{"id":85,"href":"https:\/\/cpscas.educacion.navarra.es\/apymacpcaseda\/wp-json\/wp\/v2\/pages\/84\/revisions\/85"}],"wp:attachment":[{"href":"https:\/\/cpscas.educacion.navarra.es\/apymacpcaseda\/wp-json\/wp\/v2\/media?parent=84"}],"curies":[{"name":"wp","href":"https:\/\/api.w.org\/{rel}","templated":true}]}}